{"id":23,"date":"2024-12-01T20:03:41","date_gmt":"2024-12-01T20:03:41","guid":{"rendered":"https:\/\/kearacandles.com\/?page_id=23"},"modified":"2025-07-25T11:00:56","modified_gmt":"2025-07-25T11:00:56","slug":"our-story","status":"publish","type":"page","link":"https:\/\/kearacandles.com\/de\/our-story\/","title":{"rendered":"Unsere Geschichte"},"content":{"rendered":"<div data-elementor-type=\"wp-page\" data-elementor-id=\"23\" class=\"elementor elementor-23\" data-elementor-post-type=\"page\">\n\t\t\t\t\t\t<section class=\"wd-negative-gap elementor-section elementor-top-section elementor-element elementor-element-2aa924e elementor-section-full_width elementor-section-stretched elementor-section-height-default elementor-section-height-default\" data-id=\"2aa924e\" data-element_type=\"section\" data-settings=\"{&quot;stretch_section&quot;:&quot;section-stretched&quot;}\">\n\t\t\t\t\t\t<div class=\"elementor-container elementor-column-gap-default\">\n\t\t\t\t\t<div class=\"elementor-column elementor-col-50 elementor-top-column elementor-element elementor-element-f633fd5\" data-id=\"f633fd5\" data-element_type=\"column\" data-settings=\"{&quot;background_background&quot;:&quot;slideshow&quot;,&quot;background_slideshow_gallery&quot;:[{&quot;id&quot;:194,&quot;url&quot;:&quot;https:\\\/\\\/kearacandles.com\\\/wp-content\\\/uploads\\\/2024\\\/12\\\/our-story-square-scaled.jpg&quot;},{&quot;id&quot;:294,&quot;url&quot;:&quot;https:\\\/\\\/kearacandles.com\\\/wp-content\\\/uploads\\\/2024\\\/12\\\/our-story-1-scaled-e1733746738799.jpeg&quot;}],&quot;background_slideshow_ken_burns&quot;:&quot;yes&quot;,&quot;background_slideshow_loop&quot;:&quot;yes&quot;,&quot;background_slideshow_slide_duration&quot;:5000,&quot;background_slideshow_slide_transition&quot;:&quot;fade&quot;,&quot;background_slideshow_transition_duration&quot;:500,&quot;background_slideshow_ken_burns_zoom_direction&quot;:&quot;in&quot;}\">\n\t\t\t<div class=\"elementor-widget-wrap elementor-element-populated\">\n\t\t\t\t\t\t<div class=\"elementor-element elementor-element-b719c42 elementor-widget elementor-widget-spacer\" data-id=\"b719c42\" data-element_type=\"widget\" data-widget_type=\"spacer.default\">\n\t\t\t\t<div class=\"elementor-widget-container\">\n\t\t\t\t\t\t\t<div class=\"elementor-spacer\">\n\t\t\t<div class=\"elementor-spacer-inner\"><\/div>\n\t\t<\/div>\n\t\t\t\t\t\t<\/div>\n\t\t\t\t<\/div>\n\t\t\t\t\t<\/div>\n\t\t<\/div>\n\t\t\t\t<div class=\"elementor-column elementor-col-50 elementor-top-column elementor-element elementor-element-0af29ce\" data-id=\"0af29ce\" data-element_type=\"column\" data-settings=\"{&quot;background_background&quot;:&quot;classic&quot;}\">\n\t\t\t<div class=\"elementor-widget-wrap elementor-element-populated\">\n\t\t\t\t\t\t<div class=\"elementor-element elementor-element-c8d9d5d elementor-widget elementor-widget-heading\" data-id=\"c8d9d5d\" data-element_type=\"widget\" data-widget_type=\"heading.default\">\n\t\t\t\t<div class=\"elementor-widget-container\">\n\t\t\t\t\t<h2 class=\"elementor-heading-title elementor-size-default\">Unsere Story<\/h2>\t\t\t\t<\/div>\n\t\t\t\t<\/div>\n\t\t\t\t<div class=\"elementor-element elementor-element-54c4532 color-scheme-inherit text-left elementor-widget elementor-widget-text-editor\" data-id=\"54c4532\" data-element_type=\"widget\" data-widget_type=\"text-editor.default\">\n\t\t\t\t<div class=\"elementor-widget-container\">\n\t\t\t\t\t\t\t\t\t<p class=\" translation-block\">Hi, wir sind Micha und Kathi.<\/p><p class=\" translation-block\">Wir sind das Herz und die Seele von keara CANDLES. Unsere Duftkerzen entwerfen und gie\u00dfen wir \nmit viel Liebe selbst \u2013 alles handgemacht und nachhaltig.<\/p><p>Als echte Kerzenliebhaber wollten wir eine gesunde Alternative schaffen: Kerzen aus Bio-Wachs, frei \nvon Paraffinen, Parabenen oder Phthalaten \u2013 f\u00fcr uns, f\u00fcr unsere Familien und f\u00fcr eine bessere \nZukunft.<\/p><p>Dabei haben wir uns immer gefragt: Was passiert eigentlich mit all den leeren Kerzenbeh\u00e4ltern? \nJedes Jahr landen Millionen von leeren Kerzenbechern im M\u00fcll, und viele davon k\u00f6nnen nicht \nrecycelt werden. Die L\u00f6sung? Unsere Keramikbeh\u00e4lter lassen sich m\u00fchelos nachf\u00fcllen und sorgen so \nf\u00fcr langanhaltende Freude ohne unn\u00f6tigen Abfall.<\/p><p class=\" translation-block\">Mit keara Candles wollen wir einen positiven Beitrag f\u00fcr unsere Welt leisten. Deshalb verwenden wir \nnur die besten Rohstoffe und achten darauf, dass jede Kerze die perfekte Mischung aus \nWohlf\u00fchlmomenten und Nachhaltigkeit bietet.<\/p><ul><li class=\" translation-block\">Nat\u00fcrliche Bio-Wachs-Kerzen f\u00fcr ein gesundes Wohlf\u00fchlklima.<\/li><li class=\" translation-block\">Nachf\u00fcllbare Keramik \u2013 praktisches Design trifft auf Nachhaltigkeit.<\/li><li class=\" translation-block\">M\u00fcll vermeiden, Zukunft gestalten \u2013 mit keara CANDLES.<\/li><\/ul>\t\t\t\t\t\t\t\t<\/div>\n\t\t\t\t<\/div>\n\t\t\t\t<div class=\"elementor-element elementor-element-7cdebc3 elementor-align-left animated-slow elementor-mobile-align-center elementor-invisible elementor-widget elementor-widget-button\" data-id=\"7cdebc3\" data-element_type=\"widget\" data-settings=\"{&quot;_animation&quot;:&quot;zoomIn&quot;}\" data-widget_type=\"button.default\">\n\t\t\t\t<div class=\"elementor-widget-container\">\n\t\t\t\t\t\t\t\t\t<div class=\"elementor-button-wrapper\">\n\t\t\t\t\t<a class=\"elementor-button elementor-button-link elementor-size-sm\" href=\"https:\/\/kearacandles.com\/contact-us\/\">\n\t\t\t\t\t\t<span class=\"elementor-button-content-wrapper\">\n\t\t\t\t\t\t\t\t\t<span class=\"elementor-button-text\">Werde Teil unserer Mission!<\/span>\n\t\t\t\t\t<\/span>\n\t\t\t\t\t<\/a>\n\t\t\t\t<\/div>\n\t\t\t\t\t\t\t\t<\/div>\n\t\t\t\t<\/div>\n\t\t\t\t\t<\/div>\n\t\t<\/div>\n\t\t\t\t\t<\/div>\n\t\t<\/section>\n\t\t\t\t<section class=\"wd-negative-gap elementor-section elementor-top-section elementor-element elementor-element-dd0f13c elementor-section-full_width elementor-section-stretched elementor-section-height-default elementor-section-height-default\" data-id=\"dd0f13c\" data-element_type=\"section\" data-settings=\"{&quot;stretch_section&quot;:&quot;section-stretched&quot;}\">\n\t\t\t\t\t\t<div class=\"elementor-container elementor-column-gap-default\">\n\t\t\t\t\t<div class=\"elementor-column elementor-col-100 elementor-top-column elementor-element elementor-element-5766d37\" data-id=\"5766d37\" data-element_type=\"column\">\n\t\t\t<div class=\"elementor-widget-wrap elementor-element-populated\">\n\t\t\t\t\t\t<div class=\"elementor-element elementor-element-664e4dd elementor-widget elementor-widget-heading\" data-id=\"664e4dd\" data-element_type=\"widget\" data-widget_type=\"heading.default\">\n\t\t\t\t<div class=\"elementor-widget-container\">\n\t\t\t\t\t<h2 class=\"elementor-heading-title elementor-size-default\">Unser Ziel?<\/h2>\t\t\t\t<\/div>\n\t\t\t\t<\/div>\n\t\t\t\t<div class=\"elementor-element elementor-element-b62bedf elementor-hidden-mobile color-scheme-inherit text-left elementor-widget elementor-widget-text-editor\" data-id=\"b62bedf\" data-element_type=\"widget\" data-widget_type=\"text-editor.default\">\n\t\t\t\t<div class=\"elementor-widget-container\">\n\t\t\t\t\t\t\t\t\t<p class=\" translation-block\">Dir die besten, nachhaltigen Duftkerzen zu bieten \u2013 f\u00fcr ein gesundes Zuhause und eine \numweltfreundliche Zukunft. Und das mit einem Design, das jedes Zuhause versch\u00f6nert.<\/p>\t\t\t\t\t\t\t\t<\/div>\n\t\t\t\t<\/div>\n\t\t\t\t<div class=\"elementor-element elementor-element-5ab7443 elementor-hidden-desktop elementor-hidden-tablet color-scheme-inherit text-left elementor-widget elementor-widget-text-editor\" data-id=\"5ab7443\" data-element_type=\"widget\" data-widget_type=\"text-editor.default\">\n\t\t\t\t<div class=\"elementor-widget-container\">\n\t\t\t\t\t\t\t\t\t<p class=\" translation-block\">Dir die besten, nachhaltigen Duftkerzen zu bieten \u2013 f\u00fcr ein gesundes Zuhause und eine \numweltfreundliche Zukunft. Und das mit einem Design, das jedes Zuhause versch\u00f6nert.<\/p>\t\t\t\t\t\t\t\t<\/div>\n\t\t\t\t<\/div>\n\t\t\t\t\t<\/div>\n\t\t<\/div>\n\t\t\t\t\t<\/div>\n\t\t<\/section>\n\t\t\t\t<section class=\"wd-negative-gap elementor-section elementor-top-section elementor-element elementor-element-5ca8a36 elementor-section-full_width elementor-section-stretched animated-slow elementor-section-height-default elementor-section-height-default elementor-invisible\" data-id=\"5ca8a36\" data-element_type=\"section\" data-settings=\"{&quot;stretch_section&quot;:&quot;section-stretched&quot;,&quot;animation&quot;:&quot;zoomIn&quot;}\">\n\t\t\t\t\t\t<div class=\"elementor-container elementor-column-gap-default\">\n\t\t\t\t\t<div class=\"elementor-column elementor-col-33 elementor-top-column elementor-element elementor-element-2bdba13\" data-id=\"2bdba13\" data-element_type=\"column\">\n\t\t\t<div class=\"elementor-widget-wrap elementor-element-populated\">\n\t\t\t\t\t\t<div class=\"elementor-element elementor-element-e1b443f elementor-position-top elementor-widget elementor-widget-image-box\" data-id=\"e1b443f\" data-element_type=\"widget\" data-widget_type=\"image-box.default\">\n\t\t\t\t<div class=\"elementor-widget-container\">\n\t\t\t\t\t<div class=\"elementor-image-box-wrapper\"><figure class=\"elementor-image-box-img\"><img fetchpriority=\"high\" decoding=\"async\" width=\"500\" height=\"500\" src=\"https:\/\/kearacandles.com\/wp-content\/uploads\/2025\/02\/C1-4.png\" class=\"attachment-full size-full wp-image-466\" alt=\"\" srcset=\"https:\/\/kearacandles.com\/wp-content\/uploads\/2025\/02\/C1-4.png 500w, https:\/\/kearacandles.com\/wp-content\/uploads\/2025\/02\/C1-4-300x300.png 300w, https:\/\/kearacandles.com\/wp-content\/uploads\/2025\/02\/C1-4-150x150.png 150w, https:\/\/kearacandles.com\/wp-content\/uploads\/2025\/02\/C1-4-50x50.png 50w, https:\/\/kearacandles.com\/wp-content\/uploads\/2025\/02\/C1-4-100x100.png 100w\" sizes=\"(max-width: 500px) 100vw, 500px\" \/><\/figure><div class=\"elementor-image-box-content\"><h3 class=\"elementor-image-box-title\">Zero Waste<\/h3><\/div><\/div>\t\t\t\t<\/div>\n\t\t\t\t<\/div>\n\t\t\t\t\t<\/div>\n\t\t<\/div>\n\t\t\t\t<div class=\"elementor-column elementor-col-33 elementor-top-column elementor-element elementor-element-0b3e227\" data-id=\"0b3e227\" data-element_type=\"column\">\n\t\t\t<div class=\"elementor-widget-wrap elementor-element-populated\">\n\t\t\t\t\t\t<div class=\"elementor-element elementor-element-960963a elementor-position-top elementor-widget elementor-widget-image-box\" data-id=\"960963a\" data-element_type=\"widget\" data-widget_type=\"image-box.default\">\n\t\t\t\t<div class=\"elementor-widget-container\">\n\t\t\t\t\t<div class=\"elementor-image-box-wrapper\"><figure class=\"elementor-image-box-img\"><img decoding=\"async\" width=\"500\" height=\"500\" src=\"https:\/\/kearacandles.com\/wp-content\/uploads\/2024\/12\/Keara-2.png\" class=\"attachment-full size-full wp-image-204\" alt=\"\" srcset=\"https:\/\/kearacandles.com\/wp-content\/uploads\/2024\/12\/Keara-2.png 500w, https:\/\/kearacandles.com\/wp-content\/uploads\/2024\/12\/Keara-2-300x300.png 300w, https:\/\/kearacandles.com\/wp-content\/uploads\/2024\/12\/Keara-2-150x150.png 150w, https:\/\/kearacandles.com\/wp-content\/uploads\/2024\/12\/Keara-2-50x50.png 50w, https:\/\/kearacandles.com\/wp-content\/uploads\/2024\/12\/Keara-2-100x100.png 100w\" sizes=\"(max-width: 500px) 100vw, 500px\" \/><\/figure><div class=\"elementor-image-box-content\"><h3 class=\"elementor-image-box-title\">plastikfrei<\/h3><\/div><\/div>\t\t\t\t<\/div>\n\t\t\t\t<\/div>\n\t\t\t\t\t<\/div>\n\t\t<\/div>\n\t\t\t\t<div class=\"elementor-column elementor-col-33 elementor-top-column elementor-element elementor-element-89788e3\" data-id=\"89788e3\" data-element_type=\"column\">\n\t\t\t<div class=\"elementor-widget-wrap elementor-element-populated\">\n\t\t\t\t\t\t<div class=\"elementor-element elementor-element-3e8845e elementor-position-top elementor-widget elementor-widget-image-box\" data-id=\"3e8845e\" data-element_type=\"widget\" data-widget_type=\"image-box.default\">\n\t\t\t\t<div class=\"elementor-widget-container\">\n\t\t\t\t\t<div class=\"elementor-image-box-wrapper\"><figure class=\"elementor-image-box-img\"><img decoding=\"async\" width=\"500\" height=\"500\" src=\"https:\/\/kearacandles.com\/wp-content\/uploads\/2024\/12\/Keara-3.png\" class=\"attachment-full size-full wp-image-203\" alt=\"\" srcset=\"https:\/\/kearacandles.com\/wp-content\/uploads\/2024\/12\/Keara-3.png 500w, https:\/\/kearacandles.com\/wp-content\/uploads\/2024\/12\/Keara-3-300x300.png 300w, https:\/\/kearacandles.com\/wp-content\/uploads\/2024\/12\/Keara-3-150x150.png 150w, https:\/\/kearacandles.com\/wp-content\/uploads\/2024\/12\/Keara-3-50x50.png 50w, https:\/\/kearacandles.com\/wp-content\/uploads\/2024\/12\/Keara-3-100x100.png 100w\" sizes=\"(max-width: 500px) 100vw, 500px\" \/><\/figure><div class=\"elementor-image-box-content\"><h3 class=\"elementor-image-box-title\">nachf\u00fcllbare Kerzen<\/h3><\/div><\/div>\t\t\t\t<\/div>\n\t\t\t\t<\/div>\n\t\t\t\t\t<\/div>\n\t\t<\/div>\n\t\t\t\t\t<\/div>\n\t\t<\/section>\n\t\t\t\t<\/div>","protected":false},"excerpt":{"rendered":"<p>our story &#8211; about us Hi, we\u2019re Micha and Kathi. We are the heart and soul of keara CANDLES. We<\/p>","protected":false},"author":1,"featured_media":0,"parent":0,"menu_order":0,"comment_status":"closed","ping_status":"closed","template":"","meta":{"footnotes":""},"class_list":["post-23","page","type-page","status-publish","hentry"],"_links":{"self":[{"href":"https:\/\/kearacandles.com\/de\/wp-json\/wp\/v2\/pages\/23","targetHints":{"allow":["GET"]}}],"collection":[{"href":"https:\/\/kearacandles.com\/de\/wp-json\/wp\/v2\/pages"}],"about":[{"href":"https:\/\/kearacandles.com\/de\/wp-json\/wp\/v2\/types\/page"}],"author":[{"embeddable":true,"href":"https:\/\/kearacandles.com\/de\/wp-json\/wp\/v2\/users\/1"}],"replies":[{"embeddable":true,"href":"https:\/\/kearacandles.com\/de\/wp-json\/wp\/v2\/comments?post=23"}],"version-history":[{"count":43,"href":"https:\/\/kearacandles.com\/de\/wp-json\/wp\/v2\/pages\/23\/revisions"}],"predecessor-version":[{"id":590,"href":"https:\/\/kearacandles.com\/de\/wp-json\/wp\/v2\/pages\/23\/revisions\/590"}],"wp:attachment":[{"href":"https:\/\/kearacandles.com\/de\/wp-json\/wp\/v2\/media?parent=23"}],"curies":[{"name":"wp","href":"https:\/\/api.w.org\/{rel}","templated":true}]}}