{"id":28,"date":"2024-12-01T20:04:34","date_gmt":"2024-12-01T20:04:34","guid":{"rendered":"https:\/\/kearacandles.com\/?page_id=28"},"modified":"2025-10-30T20:59:59","modified_gmt":"2025-10-30T20:59:59","slug":"payment-terms","status":"publish","type":"page","link":"https:\/\/kearacandles.com\/de\/payment-terms\/","title":{"rendered":"Zahlungsbedingungen"},"content":{"rendered":"<div data-elementor-type=\"wp-page\" data-elementor-id=\"28\" class=\"elementor elementor-28\" data-elementor-post-type=\"page\">\n\t\t\t\t\t\t<section class=\"wd-negative-gap elementor-section elementor-top-section elementor-element elementor-element-bb2f845 elementor-section-full_width elementor-section-stretched elementor-section-height-default elementor-section-height-default\" data-id=\"bb2f845\" data-element_type=\"section\" data-settings=\"{&quot;stretch_section&quot;:&quot;section-stretched&quot;}\">\n\t\t\t\t\t\t<div class=\"elementor-container elementor-column-gap-default\">\n\t\t\t\t\t<div class=\"elementor-column elementor-col-100 elementor-top-column elementor-element elementor-element-26a9988\" data-id=\"26a9988\" data-element_type=\"column\">\n\t\t\t<div class=\"elementor-widget-wrap elementor-element-populated\">\n\t\t\t\t\t\t<div class=\"elementor-element elementor-element-dbb8f68 elementor-widget elementor-widget-heading\" data-id=\"dbb8f68\" data-element_type=\"widget\" data-widget_type=\"heading.default\">\n\t\t\t\t<div class=\"elementor-widget-container\">\n\t\t\t\t\t<h2 class=\"elementor-heading-title elementor-size-default\">ZAHLUNGSMODALIT\u00c4TEN<\/h2>\t\t\t\t<\/div>\n\t\t\t\t<\/div>\n\t\t\t\t<div class=\"elementor-element elementor-element-57bab95 color-scheme-inherit text-left elementor-widget elementor-widget-text-editor\" data-id=\"57bab95\" data-element_type=\"widget\" data-widget_type=\"text-editor.default\">\n\t\t\t\t<div class=\"elementor-widget-container\">\n\t\t\t\t\t\t\t\t\t<p>Um dir den Bestell- und Lieferprozess so einfach und bequem wie m\u00f6glich zu gestalten, bieten wir dir verschiedene <strong>sichere<\/strong> Zahlungsmethoden an. Wir akzeptieren Zahlungen:<\/p>\t\t\t\t\t\t\t\t<\/div>\n\t\t\t\t<\/div>\n\t\t\t\t<div class=\"elementor-element elementor-element-e66853a elementor-icon-list--layout-traditional elementor-list-item-link-full_width elementor-widget elementor-widget-icon-list\" data-id=\"e66853a\" data-element_type=\"widget\" data-widget_type=\"icon-list.default\">\n\t\t\t\t<div class=\"elementor-widget-container\">\n\t\t\t\t\t\t\t<ul class=\"elementor-icon-list-items\">\n\t\t\t\t\t\t\t<li class=\"elementor-icon-list-item\">\n\t\t\t\t\t\t\t\t\t\t\t<span class=\"elementor-icon-list-icon\">\n\t\t\t\t\t\t\t<svg aria-hidden=\"true\" class=\"e-font-icon-svg e-fab-cc-paypal\" viewbox=\"0 0 576 512\" xmlns=\"http:\/\/www.w3.org\/2000\/svg\"><path d=\"M186.3 258.2c0 12.2-9.7 21.5-22 21.5-9.2 0-16-5.2-16-15 0-12.2 9.5-22 21.7-22 9.3 0 16.3 5.7 16.3 15.5zM80.5 209.7h-4.7c-1.5 0-3 1-3.2 2.7l-4.3 26.7 8.2-.3c11 0 19.5-1.5 21.5-14.2 2.3-13.4-6.2-14.9-17.5-14.9zm284 0H360c-1.8 0-3 1-3.2 2.7l-4.2 26.7 8-.3c13 0 22-3 22-18-.1-10.6-9.6-11.1-18.1-11.1zM576 80v352c0 26.5-21.5 48-48 48H48c-26.5 0-48-21.5-48-48V80c0-26.5 21.5-48 48-48h480c26.5 0 48 21.5 48 48zM128.3 215.4c0-21-16.2-28-34.7-28h-40c-2.5 0-5 2-5.2 4.7L32 294.2c-.3 2 1.2 4 3.2 4h19c2.7 0 5.2-2.9 5.5-5.7l4.5-26.6c1-7.2 13.2-4.7 18-4.7 28.6 0 46.1-17 46.1-45.8zm84.2 8.8h-19c-3.8 0-4 5.5-4.2 8.2-5.8-8.5-14.2-10-23.7-10-24.5 0-43.2 21.5-43.2 45.2 0 19.5 12.2 32.2 31.7 32.2 9 0 20.2-4.9 26.5-11.9-.5 1.5-1 4.7-1 6.2 0 2.3 1 4 3.2 4H200c2.7 0 5-2.9 5.5-5.7l10.2-64.3c.3-1.9-1.2-3.9-3.2-3.9zm40.5 97.9l63.7-92.6c.5-.5.5-1 .5-1.7 0-1.7-1.5-3.5-3.2-3.5h-19.2c-1.7 0-3.5 1-4.5 2.5l-26.5 39-11-37.5c-.8-2.2-3-4-5.5-4h-18.7c-1.7 0-3.2 1.8-3.2 3.5 0 1.2 19.5 56.8 21.2 62.1-2.7 3.8-20.5 28.6-20.5 31.6 0 1.8 1.5 3.2 3.2 3.2h19.2c1.8-.1 3.5-1.1 4.5-2.6zm159.3-106.7c0-21-16.2-28-34.7-28h-39.7c-2.7 0-5.2 2-5.5 4.7l-16.2 102c-.2 2 1.3 4 3.2 4h20.5c2 0 3.5-1.5 4-3.2l4.5-29c1-7.2 13.2-4.7 18-4.7 28.4 0 45.9-17 45.9-45.8zm84.2 8.8h-19c-3.8 0-4 5.5-4.3 8.2-5.5-8.5-14-10-23.7-10-24.5 0-43.2 21.5-43.2 45.2 0 19.5 12.2 32.2 31.7 32.2 9.3 0 20.5-4.9 26.5-11.9-.3 1.5-1 4.7-1 6.2 0 2.3 1 4 3.2 4H484c2.7 0 5-2.9 5.5-5.7l10.2-64.3c.3-1.9-1.2-3.9-3.2-3.9zm47.5-33.3c0-2-1.5-3.5-3.2-3.5h-18.5c-1.5 0-3 1.2-3.2 2.7l-16.2 104-.3.5c0 1.8 1.5 3.5 3.5 3.5h16.5c2.5 0 5-2.9 5.2-5.7L544 191.2v-.3zm-90 51.8c-12.2 0-21.7 9.7-21.7 22 0 9.7 7 15 16.2 15 12 0 21.7-9.2 21.7-21.5.1-9.8-6.9-15.5-16.2-15.5z\"><\/path><\/svg>\t\t\t\t\t\t<\/span>\n\t\t\t\t\t\t\t\t\t\t<span class=\"elementor-icon-list-text\">PER PAYPAL<\/span>\n\t\t\t\t\t\t\t\t\t<\/li>\n\t\t\t\t\t\t\t\t<li class=\"elementor-icon-list-item\">\n\t\t\t\t\t\t\t\t\t\t\t<span class=\"elementor-icon-list-icon\">\n\t\t\t\t\t\t\t<svg aria-hidden=\"true\" class=\"e-font-icon-svg e-fab-cc-stripe\" viewbox=\"0 0 576 512\" xmlns=\"http:\/\/www.w3.org\/2000\/svg\"><path d=\"M492.4 220.8c-8.9 0-18.7 6.7-18.7 22.7h36.7c0-16-9.3-22.7-18-22.7zM375 223.4c-8.2 0-13.3 2.9-17 7l.2 52.8c3.5 3.7 8.5 6.7 16.8 6.7 13.1 0 21.9-14.3 21.9-33.4 0-18.6-9-33.2-21.9-33.1zM528 32H48C21.5 32 0 53.5 0 80v352c0 26.5 21.5 48 48 48h480c26.5 0 48-21.5 48-48V80c0-26.5-21.5-48-48-48zM122.2 281.1c0 25.6-20.3 40.1-49.9 40.3-12.2 0-25.6-2.4-38.8-8.1v-33.9c12 6.4 27.1 11.3 38.9 11.3 7.9 0 13.6-2.1 13.6-8.7 0-17-54-10.6-54-49.9 0-25.2 19.2-40.2 48-40.2 11.8 0 23.5 1.8 35.3 6.5v33.4c-10.8-5.8-24.5-9.1-35.3-9.1-7.5 0-12.1 2.2-12.1 7.7 0 16 54.3 8.4 54.3 50.7zm68.8-56.6h-27V275c0 20.9 22.5 14.4 27 12.6v28.9c-4.7 2.6-13.3 4.7-24.9 4.7-21.1 0-36.9-15.5-36.9-36.5l.2-113.9 34.7-7.4v30.8H191zm74 2.4c-4.5-1.5-18.7-3.6-27.1 7.4v84.4h-35.5V194.2h30.7l2.2 10.5c8.3-15.3 24.9-12.2 29.6-10.5h.1zm44.1 91.8h-35.7V194.2h35.7zm0-142.9l-35.7 7.6v-28.9l35.7-7.6zm74.1 145.5c-12.4 0-20-5.3-25.1-9l-.1 40.2-35.5 7.5V194.2h31.3l1.8 8.8c4.9-4.5 13.9-11.1 27.8-11.1 24.9 0 48.4 22.5 48.4 63.8 0 45.1-23.2 65.5-48.6 65.6zm160.4-51.5h-69.5c1.6 16.6 13.8 21.5 27.6 21.5 14.1 0 25.2-3 34.9-7.9V312c-9.7 5.3-22.4 9.2-39.4 9.2-34.6 0-58.8-21.7-58.8-64.5 0-36.2 20.5-64.9 54.3-64.9 33.7 0 51.3 28.7 51.3 65.1 0 3.5-.3 10.9-.4 12.9z\"><\/path><\/svg>\t\t\t\t\t\t<\/span>\n\t\t\t\t\t\t\t\t\t\t<span class=\"elementor-icon-list-text\">STRIPE<\/span>\n\t\t\t\t\t\t\t\t\t<\/li>\n\t\t\t\t\t\t\t\t<li class=\"elementor-icon-list-item\">\n\t\t\t\t\t\t\t\t\t\t\t<span class=\"elementor-icon-list-icon\">\n\t\t\t\t\t\t\t<svg xmlns=\"http:\/\/www.w3.org\/2000\/svg\" width=\"512\" height=\"512\" viewbox=\"0 0 24 24\"><path fill=\"currentColor\" d=\"M15 14v-3h3V9l4 3.5l-4 3.5v-2h-3m-1-6.3V9H2V7.7L8 4l6 3.7M7 10h2v5H7v-5m-4 0h2v5H3v-5m10 0v2.5l-2 1.8V10h2m-3.9 6l-.6.5l1.7 1.5H2v-2h7.1m7.9-1v3h-3v2l-4-3.5l4-3.5v2h3Z\"><\/path><\/svg>\t\t\t\t\t\t<\/span>\n\t\t\t\t\t\t\t\t\t\t<span class=\"elementor-icon-list-text\">\u00dcBERWEISUNG<\/span>\n\t\t\t\t\t\t\t\t\t<\/li>\n\t\t\t\t\t\t<\/ul>\n\t\t\t\t\t\t<\/div>\n\t\t\t\t<\/div>\n\t\t\t\t<div class=\"elementor-element elementor-element-4c68a15 color-scheme-inherit text-left elementor-widget elementor-widget-text-editor\" data-id=\"4c68a15\" data-element_type=\"widget\" data-widget_type=\"text-editor.default\">\n\t\t\t\t<div class=\"elementor-widget-container\">\n\t\t\t\t\t\t\t\t\t<p>Bei der Bezahlung mit PayPal wirst du automatisch zu PayPal weitergeleitet. Wenn du bereits ein PayPal-Konto besitzt, kannst du dich mit deinen Benutzerdaten anmelden und die Zahlung best\u00e4tigen. Falls du noch kein PayPal-Konto hast, kannst du in nur wenigen Schritten ein PayPal-Konto er\u00f6ffnen und anschlie\u00dfend die Zahlung best\u00e4tigen.<\/p><p>Bei Bezahlung per \u00dcberweisung versenden wir deine Bestellung, sobald der Betrag auf unserem Konto eingegangen ist.<\/p><p><strong>VERSANDBEDINGUNGEN UND R\u00dcCKGABERICHTLINIEN<\/strong><\/p><p>Wir versenden je nach deinem Wunsch innerhalb Spaniens mit Standardversand (Post) oder Expressversand (SEUR) und in das europ\u00e4ische Ausland ebenfalls mit Standardversand (SEUR).<\/p><p>Unser Ziel ist es, Bestellungen innerhalb von 2 Werktagen zu versenden. W\u00e4hrend Zeiten mit h\u00f6herem Bestellaufkommen kann sich die Bearbeitungszeit auf bis zu 5 Werktage verl\u00e4ngern.<\/p><p>Bestellungen mit einem Warenwert von 70 Euro oder mehr innerhalb Spaniens werden versandkostenfrei geliefert. In die europ\u00e4ische Union versenden wir ab einem Warenwert von 150 Euro kostenlos.<\/p><ul><li><p><strong>Versand innerhalb Spaniens (Post):<\/strong><br \/>Die Standardversand- und Verpackungskosten betragen 5,95 \u20ac. Die Artikel werden mit der Post (Correos) verschickt.<\/p><\/li><li><p><strong>Expressversand Spanien (SEUR):<\/strong><br \/>Expressversand mit gesch\u00e4tzter Lieferung innerhalb von 24 Stunden. Die Versand- und Verpackungskosten f\u00fcr den Expressversand betragen 7,45 \u20ac. Die Artikel werden mit SEUR verschickt.<\/p><\/li><li><p><strong>Internationaler Versand (Europ\u00e4ische Union):<\/strong><\/p><p>F\u00fcr Lieferungen nach Deutschland, \u00d6sterreich und andere europ\u00e4ische L\u00e4nder: Die gesch\u00e4tzte Lieferzeit betr\u00e4gt 4 bis 10 Werktage. Die Versand- und Verpackungskosten betragen 15,95 \u20ac, und die Artikel werden mit SEUR verschickt.<\/p><\/li><\/ul><p>Die Selbstabholung von Waren ist kostenlos.<\/p><p><strong>R\u00dcCKSENDUNGEN<\/strong><\/p><p>Deine Zufriedenheit ist uns sehr wichtig. Solltest du Fragen haben oder ein Problem mit deinem Produkt feststellen, kontaktiere uns bitte. Wir werden alles daran setzen, dir schnellstm\u00f6glich zu helfen.<\/p><p>Wir akzeptieren die R\u00fcckgabe eines unbenutzten Produkts innerhalb von 14 Tagen nach dem Kauf.<\/p><p>Sobald wir den zur\u00fcckgesendeten Artikel erhalten haben, wird eine vollst\u00e4ndige R\u00fcckerstattung bearbeitet (Versandkosten ausgenommen). Bitte rechne mit einer Bearbeitungszeit von 1 bis 2 Wochen f\u00fcr die R\u00fcckerstattung.<\/p><p>Bitte lege den Kaufnachweis bei.<\/p><p>Die zur\u00fcckgesendeten Artikel m\u00fcssen sich in ihrem urspr\u00fcnglichen Zustand und in der Originalverpackung befinden. Andernfalls kann eine R\u00fcckerstattung ausgeschlossen werden oder es f\u00e4llt eine Geb\u00fchr in H\u00f6he von 50 % des Originalpreises an.<\/p><p>Reduzierte Artikel (au\u00dfer bei Launch-Angeboten) sind von R\u00fcckerstattungen ausgeschlossen.<\/p>\t\t\t\t\t\t\t\t<\/div>\n\t\t\t\t<\/div>\n\t\t\t\t\t<\/div>\n\t\t<\/div>\n\t\t\t\t\t<\/div>\n\t\t<\/section>\n\t\t\t\t<\/div>","protected":false},"excerpt":{"rendered":"<p>payment terms To make your order and delivery as easy and convenient as possible, we offer various secure payment options.<\/p>","protected":false},"author":1,"featured_media":0,"parent":0,"menu_order":0,"comment_status":"closed","ping_status":"closed","template":"","meta":{"footnotes":""},"class_list":["post-28","page","type-page","status-publish","hentry"],"_links":{"self":[{"href":"https:\/\/kearacandles.com\/de\/wp-json\/wp\/v2\/pages\/28","targetHints":{"allow":["GET"]}}],"collection":[{"href":"https:\/\/kearacandles.com\/de\/wp-json\/wp\/v2\/pages"}],"about":[{"href":"https:\/\/kearacandles.com\/de\/wp-json\/wp\/v2\/types\/page"}],"author":[{"embeddable":true,"href":"https:\/\/kearacandles.com\/de\/wp-json\/wp\/v2\/users\/1"}],"replies":[{"embeddable":true,"href":"https:\/\/kearacandles.com\/de\/wp-json\/wp\/v2\/comments?post=28"}],"version-history":[{"count":16,"href":"https:\/\/kearacandles.com\/de\/wp-json\/wp\/v2\/pages\/28\/revisions"}],"predecessor-version":[{"id":679,"href":"https:\/\/kearacandles.com\/de\/wp-json\/wp\/v2\/pages\/28\/revisions\/679"}],"wp:attachment":[{"href":"https:\/\/kearacandles.com\/de\/wp-json\/wp\/v2\/media?parent=28"}],"curies":[{"name":"wp","href":"https:\/\/api.w.org\/{rel}","templated":true}]}}