{"id":225,"date":"2024-12-03T11:18:27","date_gmt":"2024-12-03T11:18:27","guid":{"rendered":"https:\/\/kearacandles.com\/?post_type=product&#038;p=225"},"modified":"2024-12-09T11:50:27","modified_gmt":"2024-12-09T11:50:27","slug":"scented-candle-spa","status":"publish","type":"product","link":"https:\/\/kearacandles.com\/de\/produkt\/scented-candle-spa\/","title":{"rendered":"Duftkerze \"Spa\u201d"},"content":{"rendered":"","protected":false},"excerpt":{"rendered":"<p class=\" translation-block\">F\u00fclle deinen Kerzentopf ganz einfach und bequem immer wieder mit einer unserer Duftkerzen nach. \nDer frische Duft von Lavendel mit Noten von Zitrone, Apfel und Orangenbl\u00fcte wird durch die s\u00fc\u00dfe Verf\u00fchrung der Tonkabohne erg\u00e4nzt, w\u00e4hrend die florale Note des Maigl\u00f6ckchens den Duft abrundet. Perfekt f\u00fcr das Schlafzimmer, das Badezimmer und das G\u00e4stezimmer \u2013 diese Zutaten vereinen sich zu einem frischen, floralen Duft, der f\u00fcr ein entspannendes Ambiente sorgt.<\/p>","protected":false},"featured_media":228,"comment_status":"open","ping_status":"closed","template":"","meta":[],"product_brand":[],"product_cat":[26],"product_tag":[],"class_list":{"0":"post-225","1":"product","2":"type-product","3":"status-publish","4":"has-post-thumbnail","6":"product_cat-refillers","8":"first","9":"instock","10":"shipping-taxable","11":"purchasable","12":"product-type-simple"},"bundled_by":["227"],"bundle_stock_status":"instock","bundle_stock_quantity":null,"bundle_virtual":false,"bundle_layout":"","bundle_add_to_cart_form_location":"","bundle_editable_in_cart":false,"bundle_sold_individually_context":"","bundle_item_grouping":"","bundle_min_size":"","bundle_max_size":"","bundled_items":[],"bundle_sell_ids":[],"_links":{"self":[{"href":"https:\/\/kearacandles.com\/de\/wp-json\/wp\/v2\/product\/225","targetHints":{"allow":["GET"]}}],"collection":[{"href":"https:\/\/kearacandles.com\/de\/wp-json\/wp\/v2\/product"}],"about":[{"href":"https:\/\/kearacandles.com\/de\/wp-json\/wp\/v2\/types\/product"}],"replies":[{"embeddable":true,"href":"https:\/\/kearacandles.com\/de\/wp-json\/wp\/v2\/comments?post=225"}],"wp:featuredmedia":[{"embeddable":true,"href":"https:\/\/kearacandles.com\/de\/wp-json\/wp\/v2\/media\/228"}],"wp:attachment":[{"href":"https:\/\/kearacandles.com\/de\/wp-json\/wp\/v2\/media?parent=225"}],"wp:term":[{"taxonomy":"product_brand","embeddable":true,"href":"https:\/\/kearacandles.com\/de\/wp-json\/wp\/v2\/product_brand?post=225"},{"taxonomy":"product_cat","embeddable":true,"href":"https:\/\/kearacandles.com\/de\/wp-json\/wp\/v2\/product_cat?post=225"},{"taxonomy":"product_tag","embeddable":true,"href":"https:\/\/kearacandles.com\/de\/wp-json\/wp\/v2\/product_tag?post=225"}],"curies":[{"name":"wp","href":"https:\/\/api.w.org\/{rel}","templated":true}]}}