{"id":226,"date":"2024-12-03T11:18:33","date_gmt":"2024-12-03T11:18:33","guid":{"rendered":"https:\/\/kearacandles.com\/?post_type=product&#038;p=226"},"modified":"2024-12-09T11:50:33","modified_gmt":"2024-12-09T11:50:33","slug":"scented-candle-serenity","status":"publish","type":"product","link":"https:\/\/kearacandles.com\/de\/produkt\/scented-candle-serenity\/","title":{"rendered":"Duftkerze \"Gelassenheit\""},"content":{"rendered":"","protected":false},"excerpt":{"rendered":"<p class=\" translation-block\">F\u00fclle deinen Kerzentopf ganz einfach und bequem immer wieder mit einer unserer Duftkerzen nach.\nEntdecke unseren Star-Duft: eine maskuline und zugleich einladende Mischung aus Himbeere, Rose, Pfeffer, Zeder und Nachtjasmin, die dich an das gem\u00fctliche Aroma einer Bibliothek erinnert. Ideal f\u00fcr jeden Raum, in dem du nach Ruhe, Stille und Harmonie suchst, sowie f\u00fcr sch\u00f6ne gesellige Momente mit deinen Liebsten und Freunden.<\/p>","protected":false},"featured_media":223,"comment_status":"open","ping_status":"closed","template":"","meta":[],"product_brand":[],"product_cat":[26],"product_tag":[],"class_list":{"0":"post-226","1":"product","2":"type-product","3":"status-publish","4":"has-post-thumbnail","6":"product_cat-refillers","8":"first","9":"instock","10":"shipping-taxable","11":"purchasable","12":"product-type-simple"},"bundled_by":["227"],"bundle_stock_status":"instock","bundle_stock_quantity":null,"bundle_virtual":false,"bundle_layout":"","bundle_add_to_cart_form_location":"","bundle_editable_in_cart":false,"bundle_sold_individually_context":"","bundle_item_grouping":"","bundle_min_size":"","bundle_max_size":"","bundled_items":[],"bundle_sell_ids":[],"_links":{"self":[{"href":"https:\/\/kearacandles.com\/de\/wp-json\/wp\/v2\/product\/226","targetHints":{"allow":["GET"]}}],"collection":[{"href":"https:\/\/kearacandles.com\/de\/wp-json\/wp\/v2\/product"}],"about":[{"href":"https:\/\/kearacandles.com\/de\/wp-json\/wp\/v2\/types\/product"}],"replies":[{"embeddable":true,"href":"https:\/\/kearacandles.com\/de\/wp-json\/wp\/v2\/comments?post=226"}],"wp:featuredmedia":[{"embeddable":true,"href":"https:\/\/kearacandles.com\/de\/wp-json\/wp\/v2\/media\/223"}],"wp:attachment":[{"href":"https:\/\/kearacandles.com\/de\/wp-json\/wp\/v2\/media?parent=226"}],"wp:term":[{"taxonomy":"product_brand","embeddable":true,"href":"https:\/\/kearacandles.com\/de\/wp-json\/wp\/v2\/product_brand?post=226"},{"taxonomy":"product_cat","embeddable":true,"href":"https:\/\/kearacandles.com\/de\/wp-json\/wp\/v2\/product_cat?post=226"},{"taxonomy":"product_tag","embeddable":true,"href":"https:\/\/kearacandles.com\/de\/wp-json\/wp\/v2\/product_tag?post=226"}],"curies":[{"name":"wp","href":"https:\/\/api.w.org\/{rel}","templated":true}]}}