{"id":269,"date":"2024-12-03T11:48:21","date_gmt":"2024-12-03T11:48:21","guid":{"rendered":"https:\/\/kearacandles.com\/?post_type=product&#038;p=269"},"modified":"2025-02-28T15:24:59","modified_gmt":"2025-02-28T15:24:59","slug":"set-lava","status":"publish","type":"product","link":"https:\/\/kearacandles.com\/de\/produkt\/set-lava\/","title":{"rendered":"Set LAVA"},"content":{"rendered":"","protected":false},"excerpt":{"rendered":"<p>Set aus einem handgefertigten Keramiktopf f\u00fcr Kerzen und einem Streichholzbecher.<\/p>\n<ul>\n<li class=\" translation-block\">Ma\u00dfe Kerzentopf: H\u00f6he ca. 8 cm, Durchmesser ca. 8 cm.<\/li>\n<li><strong>Ma\u00dfe Streichholzbecher<\/strong>: H\u00f6he ca. 4,5 cm, Durchmesser ca. 4 cm.<br \/>\nEine ideale nachhaltige Geschenkidee f\u00fcr dich und deine Liebsten.<br \/>\nEinzigartige handgefertigte St\u00fccke. Die Abmessungen und Farben k\u00f6nnen leicht variieren. Kleine Unregelm\u00e4\u00dfigkeiten verleihen dem Set seinen besonderen Charakter und stellen keinen Grund f\u00fcr eine R\u00fccksendung dar.<\/li>\n<\/ul>","protected":false},"featured_media":257,"comment_status":"open","ping_status":"closed","template":"","meta":[],"product_brand":[],"product_cat":[29],"product_tag":[],"class_list":{"0":"post-269","1":"product","2":"type-product","3":"status-publish","4":"has-post-thumbnail","6":"product_cat-sets","8":"first","9":"instock","10":"shipping-taxable","11":"purchasable","12":"product-type-simple"},"bundled_by":[],"bundle_stock_status":"instock","bundle_stock_quantity":null,"bundle_virtual":false,"bundle_layout":"","bundle_add_to_cart_form_location":"","bundle_editable_in_cart":false,"bundle_sold_individually_context":"","bundle_item_grouping":"","bundle_min_size":"","bundle_max_size":"","bundled_items":[],"bundle_sell_ids":[],"_links":{"self":[{"href":"https:\/\/kearacandles.com\/de\/wp-json\/wp\/v2\/product\/269","targetHints":{"allow":["GET"]}}],"collection":[{"href":"https:\/\/kearacandles.com\/de\/wp-json\/wp\/v2\/product"}],"about":[{"href":"https:\/\/kearacandles.com\/de\/wp-json\/wp\/v2\/types\/product"}],"replies":[{"embeddable":true,"href":"https:\/\/kearacandles.com\/de\/wp-json\/wp\/v2\/comments?post=269"}],"wp:featuredmedia":[{"embeddable":true,"href":"https:\/\/kearacandles.com\/de\/wp-json\/wp\/v2\/media\/257"}],"wp:attachment":[{"href":"https:\/\/kearacandles.com\/de\/wp-json\/wp\/v2\/media?parent=269"}],"wp:term":[{"taxonomy":"product_brand","embeddable":true,"href":"https:\/\/kearacandles.com\/de\/wp-json\/wp\/v2\/product_brand?post=269"},{"taxonomy":"product_cat","embeddable":true,"href":"https:\/\/kearacandles.com\/de\/wp-json\/wp\/v2\/product_cat?post=269"},{"taxonomy":"product_tag","embeddable":true,"href":"https:\/\/kearacandles.com\/de\/wp-json\/wp\/v2\/product_tag?post=269"}],"curies":[{"name":"wp","href":"https:\/\/api.w.org\/{rel}","templated":true}]}}