{"id":24,"date":"2024-12-01T20:03:52","date_gmt":"2024-12-01T20:03:52","guid":{"rendered":"https:\/\/kearacandles.com\/?page_id=24"},"modified":"2025-07-25T10:45:49","modified_gmt":"2025-07-25T10:45:49","slug":"journal","status":"publish","type":"page","link":"https:\/\/kearacandles.com\/es\/journal\/","title":{"rendered":"Diario"},"content":{"rendered":"<div data-elementor-type=\"wp-page\" data-elementor-id=\"24\" class=\"elementor elementor-24\" data-elementor-post-type=\"page\">\n\t\t\t\t\t\t<section class=\"wd-negative-gap elementor-section elementor-top-section elementor-element elementor-element-365abb9 elementor-section-full_width elementor-section-stretched elementor-section-height-default elementor-section-height-default\" data-id=\"365abb9\" data-element_type=\"section\" data-settings=\"{&quot;stretch_section&quot;:&quot;section-stretched&quot;}\">\n\t\t\t\t\t\t<div class=\"elementor-container elementor-column-gap-default\">\n\t\t\t\t\t<div class=\"elementor-column elementor-col-100 elementor-top-column elementor-element elementor-element-9dc2a0e\" data-id=\"9dc2a0e\" data-element_type=\"column\">\n\t\t\t<div class=\"elementor-widget-wrap elementor-element-populated\">\n\t\t\t\t\t\t<div class=\"elementor-element elementor-element-203c1f1 elementor-widget elementor-widget-heading\" data-id=\"203c1f1\" data-element_type=\"widget\" data-widget_type=\"heading.default\">\n\t\t\t\t<div class=\"elementor-widget-container\">\n\t\t\t\t\t<h2 class=\"elementor-heading-title elementor-size-default\">\u00a1Bienvenid@ a Nuestro Blog \u2013 Descubre Todo Sobre las Velas Sostenibles!<\/h2>\t\t\t\t<\/div>\n\t\t\t\t<\/div>\n\t\t\t\t<div class=\"elementor-element elementor-element-e596831 color-scheme-inherit text-left elementor-widget elementor-widget-text-editor\" data-id=\"e596831\" data-element_type=\"widget\" data-widget_type=\"text-editor.default\">\n\t\t\t\t<div class=\"elementor-widget-container\">\n\t\t\t\t\t\t\t\t\t<p class=\" translation-block\">Aqu\u00ed compartimos todo lo que necesitas saber sobre velas arom\u00e1ticas artesanales y sostenibles. Desde consejos para elegir las mejores ceras naturales hasta ideas sobre c\u00f3mo reutilizar tus frascos de manera sostenible, ofrecemos contenido inspirador para un hogar m\u00e1s ecol\u00f3gico.<\/p><p class=\" translation-block\">Nuestras velas de cera org\u00e1nica, los frascos cer\u00e1micos rellenables y el uso de fragancias de alta calidad convierten cada momento de bienestar en una experiencia \u00fanica. \u00a1Mantente atento para m\u00e1s sobre regalos sostenibles, soluciones cero residuos y mucho m\u00e1s!<\/p><p class=\" translation-block\">Obt\u00e9n consejos e inspiraci\u00f3n para un hogar verde, donde la sostenibilidad y la belleza van de la mano.<\/p>\t\t\t\t\t\t\t\t<\/div>\n\t\t\t\t<\/div>\n\t\t\t\t<div class=\"elementor-element elementor-element-7d6878e wd-width-100 elementor-widget elementor-widget-wd_blog\" data-id=\"7d6878e\" data-element_type=\"widget\" data-widget_type=\"wd_blog.default\">\n\t\t\t\t<div class=\"elementor-widget-container\">\n\t\t\t\t\t\t\t\t\t\t\t\t<div class=\"wd-blog-element\">\n\t\t\t\t\t<div class=\"wd-posts wd-blog-holder wd-grid-g\" id=\"69fb4a4c7a32a\" data-paged=\"1\" data-atts=\"{&quot;post_type&quot;:&quot;post&quot;,&quot;items_per_page&quot;:30,&quot;include&quot;:null,&quot;taxonomies&quot;:&quot;&quot;,&quot;offset&quot;:&quot;&quot;,&quot;orderby&quot;:&quot;&quot;,&quot;order&quot;:&quot;DESC&quot;,&quot;meta_key&quot;:null,&quot;exclude&quot;:&quot;&quot;,&quot;parts_media&quot;:true,&quot;parts_title&quot;:&quot;1&quot;,&quot;parts_meta&quot;:&quot;&quot;,&quot;parts_text&quot;:&quot;1&quot;,&quot;parts_btn&quot;:&quot;1&quot;,&quot;img_size&quot;:&quot;full&quot;,&quot;blog_design&quot;:&quot;chess&quot;,&quot;blog_carousel_design&quot;:null,&quot;blog_columns&quot;:null,&quot;blog_columns_tablet&quot;:{&quot;size&quot;:&quot;&quot;},&quot;blog_columns_mobile&quot;:{&quot;size&quot;:&quot;&quot;},&quot;blog_spacing&quot;:null,&quot;blog_spacing_tablet&quot;:&quot;&quot;,&quot;blog_spacing_mobile&quot;:&quot;&quot;,&quot;pagination&quot;:&quot;more-btn&quot;,&quot;speed&quot;:null,&quot;slides_per_view&quot;:null,&quot;slides_per_view_tablet&quot;:{&quot;size&quot;:&quot;&quot;},&quot;slides_per_view_mobile&quot;:{&quot;size&quot;:&quot;&quot;},&quot;wrap&quot;:null,&quot;autoplay&quot;:null,&quot;hide_pagination_control&quot;:null,&quot;hide_prev_next_buttons&quot;:null,&quot;scroll_per_page&quot;:null,&quot;lazy_loading&quot;:&quot;no&quot;,&quot;scroll_carousel_init&quot;:null,&quot;ajax_page&quot;:&quot;&quot;,&quot;custom_sizes&quot;:false,&quot;elementor&quot;:true}\" data-source=\"shortcode\">\n\t\t\t\n\t\t\t\t\t\t\t\t\t\t\t\t\t\t\n<article id=\"post-526\" class=\"wd-post blog-design-chess blog-post-loop blog-design-small-images blog-style-bg wd-add-shadow wd-col post-526 post type-post status-publish format-standard has-post-thumbnail hentry category-candles\">\n\t<div class=\"article-inner\">\n\t\t<header class=\"entry-header\">\n\t\t\t\t\t\t\t<figure class=\"entry-thumbnail\">\n\t\t\t\t\t\t\t\t\t\t\t<div class=\"post-img-wrapp\">\n\t\t\t\t\t\t\t<a href=\"https:\/\/kearacandles.com\/es\/10-reasons-why-sustainable-candles-are-the-future-of-home-living\/\">\n\t\t\t\t\t\t\t\t<img fetchpriority=\"high\" decoding=\"async\" width=\"1080\" height=\"1080\" src=\"https:\/\/kearacandles.com\/wp-content\/uploads\/2025\/03\/pop-up-discount.png\" class=\"attachment-full size-full\" alt=\"\" srcset=\"https:\/\/kearacandles.com\/wp-content\/uploads\/2025\/03\/pop-up-discount.png 1080w, https:\/\/kearacandles.com\/wp-content\/uploads\/2025\/03\/pop-up-discount-300x300.png 300w, https:\/\/kearacandles.com\/wp-content\/uploads\/2025\/03\/pop-up-discount-1024x1024.png 1024w, https:\/\/kearacandles.com\/wp-content\/uploads\/2025\/03\/pop-up-discount-150x150.png 150w, https:\/\/kearacandles.com\/wp-content\/uploads\/2025\/03\/pop-up-discount-768x768.png 768w, https:\/\/kearacandles.com\/wp-content\/uploads\/2025\/03\/pop-up-discount-600x600.png 600w, https:\/\/kearacandles.com\/wp-content\/uploads\/2025\/03\/pop-up-discount-50x50.png 50w, https:\/\/kearacandles.com\/wp-content\/uploads\/2025\/03\/pop-up-discount-100x100.png 100w\" sizes=\"(max-width: 1080px) 100vw, 1080px\" \/>\t\t\t\t\t\t\t<\/a>\n\t\t\t\t\t\t<\/div>\n\t\t\t\t\t\t<div class=\"post-image-mask\">\n\t\t\t\t\t\t\t<span><\/span>\n\t\t\t\t\t\t<\/div>\n\t\t\t\t\t\t\t\t\t<\/figure>\n\t\t\t\n\t\t\t\t\t\t<div class=\"wd-post-date wd-style-with-bg\">\n\t\t\t\t<span class=\"post-date-day\">\n\t\t\t\t\t22\t\t\t\t<\/span>\n\t\t\t\t<span class=\"post-date-month\">\n\t\t\t\t\tFebrero\t\t\t\t<\/span>\n\t\t\t<\/div>\n\t\t\t\t<\/header>\n\n\t\t<div class=\"article-body-container\">\n\t\t\t\n\t\t\t\t\t\t\t<h3 class=\"wd-entities-title title post-title\">\n\t\t\t\t\t<a href=\"https:\/\/kearacandles.com\/es\/10-reasons-why-sustainable-candles-are-the-future-of-home-living\/\" rel=\"bookmark\">10 razones por las que las velas sostenibles son el futuro del hogar<\/a>\n\t\t\t\t<\/h3>\n\t\t\t\n\t\t\t\n\t\t\t\t\t\t\t\t\t\t\t\t<div class=\"entry-content wd-post-desc\">\n\t\t\t\t\t\tLa sostenibilidad comienza en casa, \u00bfy por qu\u00e9 no empezar con algo que ilumine y d\u00e9 encanto a tu espacio?\t\t\t\t\t<\/div>\n\t\t\t\t\n\t\t\t\t\t\t\t\t\t\t\t\t\t\t<p class=\"read-more-section\">\n\t\t\t\t\t\t<a class=\"btn-read-more more-link\" href=\"https:\/\/kearacandles.com\/es\/10-reasons-why-sustainable-candles-are-the-future-of-home-living\/\">Continue reading<\/a>\t\t\t\t\t<\/p>\n\t\t\t\t\t\t\t\t\t\t\t\t\t<\/div>\n\t<\/div>\n<\/article>\n\n\t\t\t\t\t\t\t\t\t\t\t\t\t\t\n<article id=\"post-525\" class=\"wd-post blog-design-chess blog-post-loop blog-design-small-images blog-style-bg wd-add-shadow wd-col post-525 post type-post status-publish format-standard has-post-thumbnail hentry category-candles\">\n\t<div class=\"article-inner\">\n\t\t<header class=\"entry-header\">\n\t\t\t\t\t\t\t<figure class=\"entry-thumbnail\">\n\t\t\t\t\t\t\t\t\t\t\t<div class=\"post-img-wrapp\">\n\t\t\t\t\t\t\t<a href=\"https:\/\/kearacandles.com\/es\/diy-how-to-upcycle-your-ceramic-jars-after-your-candle-burns-out\/\">\n\t\t\t\t\t\t\t\t<img decoding=\"async\" width=\"1024\" height=\"1024\" src=\"https:\/\/kearacandles.com\/wp-content\/uploads\/2025\/02\/post_001.webp\" class=\"attachment-full size-full\" alt=\"\" srcset=\"https:\/\/kearacandles.com\/wp-content\/uploads\/2025\/02\/post_001.webp 1024w, https:\/\/kearacandles.com\/wp-content\/uploads\/2025\/02\/post_001-300x300.webp 300w, https:\/\/kearacandles.com\/wp-content\/uploads\/2025\/02\/post_001-150x150.webp 150w, https:\/\/kearacandles.com\/wp-content\/uploads\/2025\/02\/post_001-768x768.webp 768w, https:\/\/kearacandles.com\/wp-content\/uploads\/2025\/02\/post_001-12x12.webp 12w, https:\/\/kearacandles.com\/wp-content\/uploads\/2025\/02\/post_001-600x600.webp 600w, https:\/\/kearacandles.com\/wp-content\/uploads\/2025\/02\/post_001-50x50.webp 50w, https:\/\/kearacandles.com\/wp-content\/uploads\/2025\/02\/post_001-100x100.webp 100w\" sizes=\"(max-width: 1024px) 100vw, 1024px\" \/>\t\t\t\t\t\t\t<\/a>\n\t\t\t\t\t\t<\/div>\n\t\t\t\t\t\t<div class=\"post-image-mask\">\n\t\t\t\t\t\t\t<span><\/span>\n\t\t\t\t\t\t<\/div>\n\t\t\t\t\t\t\t\t\t<\/figure>\n\t\t\t\n\t\t\t\t\t\t<div class=\"wd-post-date wd-style-with-bg\">\n\t\t\t\t<span class=\"post-date-day\">\n\t\t\t\t\t11\t\t\t\t<\/span>\n\t\t\t\t<span class=\"post-date-month\">\n\t\t\t\t\tFebrero\t\t\t\t<\/span>\n\t\t\t<\/div>\n\t\t\t\t<\/header>\n\n\t\t<div class=\"article-body-container\">\n\t\t\t\n\t\t\t\t\t\t\t<h3 class=\"wd-entities-title title post-title\">\n\t\t\t\t\t<a href=\"https:\/\/kearacandles.com\/es\/diy-how-to-upcycle-your-ceramic-jars-after-your-candle-burns-out\/\" rel=\"bookmark\">Hazlo t\u00fa mismo: c\u00f3mo reutilizar tus tarros de cer\u00e1mica despu\u00e9s de que se consuma tu vela<\/a>\n\t\t\t\t<\/h3>\n\t\t\t\n\t\t\t\n\t\t\t\t\t\t\t\t\t\t\t\t<div class=\"entry-content wd-post-desc\">\n\t\t\t\t\t\tLos tarros de cer\u00e1mica son m\u00e1s que simples recipientes para tus velas: son un toque creativo que le da un estilo personal a tu hogar.\t\t\t\t\t<\/div>\n\t\t\t\t\n\t\t\t\t\t\t\t\t\t\t\t\t\t\t<p class=\"read-more-section\">\n\t\t\t\t\t\t<a class=\"btn-read-more more-link\" href=\"https:\/\/kearacandles.com\/es\/diy-how-to-upcycle-your-ceramic-jars-after-your-candle-burns-out\/\">Continue reading<\/a>\t\t\t\t\t<\/p>\n\t\t\t\t\t\t\t\t\t\t\t\t\t<\/div>\n\t<\/div>\n<\/article>\n\n\t\t\t\t\t\t\t\t\t\t\t\t\t\t\n<article id=\"post-524\" class=\"wd-post blog-design-chess blog-post-loop blog-design-small-images blog-style-bg wd-add-shadow wd-col post-524 post type-post status-publish format-standard has-post-thumbnail hentry category-candles\">\n\t<div class=\"article-inner\">\n\t\t<header class=\"entry-header\">\n\t\t\t\t\t\t\t<figure class=\"entry-thumbnail\">\n\t\t\t\t\t\t\t\t\t\t\t<div class=\"post-img-wrapp\">\n\t\t\t\t\t\t\t<a href=\"https:\/\/kearacandles.com\/es\/how-our-candle-refill-system-works\/\">\n\t\t\t\t\t\t\t\t<img decoding=\"async\" width=\"1024\" height=\"1024\" src=\"https:\/\/kearacandles.com\/wp-content\/uploads\/2025\/01\/post_002.webp\" class=\"attachment-full size-full\" alt=\"\" srcset=\"https:\/\/kearacandles.com\/wp-content\/uploads\/2025\/01\/post_002.webp 1024w, https:\/\/kearacandles.com\/wp-content\/uploads\/2025\/01\/post_002-300x300.webp 300w, https:\/\/kearacandles.com\/wp-content\/uploads\/2025\/01\/post_002-150x150.webp 150w, https:\/\/kearacandles.com\/wp-content\/uploads\/2025\/01\/post_002-768x768.webp 768w, https:\/\/kearacandles.com\/wp-content\/uploads\/2025\/01\/post_002-12x12.webp 12w, https:\/\/kearacandles.com\/wp-content\/uploads\/2025\/01\/post_002-600x600.webp 600w, https:\/\/kearacandles.com\/wp-content\/uploads\/2025\/01\/post_002-50x50.webp 50w, https:\/\/kearacandles.com\/wp-content\/uploads\/2025\/01\/post_002-100x100.webp 100w\" sizes=\"(max-width: 1024px) 100vw, 1024px\" \/>\t\t\t\t\t\t\t<\/a>\n\t\t\t\t\t\t<\/div>\n\t\t\t\t\t\t<div class=\"post-image-mask\">\n\t\t\t\t\t\t\t<span><\/span>\n\t\t\t\t\t\t<\/div>\n\t\t\t\t\t\t\t\t\t<\/figure>\n\t\t\t\n\t\t\t\t\t\t<div class=\"wd-post-date wd-style-with-bg\">\n\t\t\t\t<span class=\"post-date-day\">\n\t\t\t\t\t24\t\t\t\t<\/span>\n\t\t\t\t<span class=\"post-date-month\">\n\t\t\t\t\tEne\t\t\t\t<\/span>\n\t\t\t<\/div>\n\t\t\t\t<\/header>\n\n\t\t<div class=\"article-body-container\">\n\t\t\t\n\t\t\t\t\t\t\t<h3 class=\"wd-entities-title title post-title\">\n\t\t\t\t\t<a href=\"https:\/\/kearacandles.com\/es\/how-our-candle-refill-system-works\/\" rel=\"bookmark\">As\u00ed funciona nuestro sistema de recarga de velas: sostenibilidad hecha f\u00e1cil<\/a>\n\t\t\t\t<\/h3>\n\t\t\t\n\t\t\t\n\t\t\t\t\t\t\t\t\t\t\t\t<div class=\"entry-content wd-post-desc\">\n\t\t\t\t\t\tLa sostenibilidad comienza con peque\u00f1as decisiones, como elegir velas que no solo se vean bien, sino que puedan reutilizarse una y otra vez. En Keara Ca\t\t\t\t\t<\/div>\n\t\t\t\t\n\t\t\t\t\t\t\t\t\t\t\t\t\t\t<p class=\"read-more-section\">\n\t\t\t\t\t\t<a class=\"btn-read-more more-link\" href=\"https:\/\/kearacandles.com\/es\/how-our-candle-refill-system-works\/\">Continue reading<\/a>\t\t\t\t\t<\/p>\n\t\t\t\t\t\t\t\t\t\t\t\t\t<\/div>\n\t<\/div>\n<\/article>\n\n\t\t\t\t\t\t\t\t\t\t\t\t\t\t\n<article id=\"post-523\" class=\"wd-post blog-design-chess blog-post-loop blog-design-small-images blog-style-bg wd-add-shadow wd-col post-523 post type-post status-publish format-standard has-post-thumbnail hentry category-candles\">\n\t<div class=\"article-inner\">\n\t\t<header class=\"entry-header\">\n\t\t\t\t\t\t\t<figure class=\"entry-thumbnail\">\n\t\t\t\t\t\t\t\t\t\t\t<div class=\"post-img-wrapp\">\n\t\t\t\t\t\t\t<a href=\"https:\/\/kearacandles.com\/es\/why-rapeseed-wax-is-the-sustainable-choice\/\">\n\t\t\t\t\t\t\t\t<img loading=\"lazy\" decoding=\"async\" width=\"2470\" height=\"2560\" src=\"https:\/\/kearacandles.com\/wp-content\/uploads\/2025\/03\/blog-post-1-wax-scaled.jpg\" class=\"attachment-full size-full\" alt=\"\" srcset=\"https:\/\/kearacandles.com\/wp-content\/uploads\/2025\/03\/blog-post-1-wax-scaled.jpg 2470w, https:\/\/kearacandles.com\/wp-content\/uploads\/2025\/03\/blog-post-1-wax-289x300.jpg 289w, https:\/\/kearacandles.com\/wp-content\/uploads\/2025\/03\/blog-post-1-wax-988x1024.jpg 988w, https:\/\/kearacandles.com\/wp-content\/uploads\/2025\/03\/blog-post-1-wax-768x796.jpg 768w, https:\/\/kearacandles.com\/wp-content\/uploads\/2025\/03\/blog-post-1-wax-1482x1536.jpg 1482w, https:\/\/kearacandles.com\/wp-content\/uploads\/2025\/03\/blog-post-1-wax-1976x2048.jpg 1976w, https:\/\/kearacandles.com\/wp-content\/uploads\/2025\/03\/blog-post-1-wax-600x622.jpg 600w, https:\/\/kearacandles.com\/wp-content\/uploads\/2025\/03\/blog-post-1-wax-150x155.jpg 150w\" sizes=\"(max-width: 2470px) 100vw, 2470px\" \/>\t\t\t\t\t\t\t<\/a>\n\t\t\t\t\t\t<\/div>\n\t\t\t\t\t\t<div class=\"post-image-mask\">\n\t\t\t\t\t\t\t<span><\/span>\n\t\t\t\t\t\t<\/div>\n\t\t\t\t\t\t\t\t\t<\/figure>\n\t\t\t\n\t\t\t\t\t\t<div class=\"wd-post-date wd-style-with-bg\">\n\t\t\t\t<span class=\"post-date-day\">\n\t\t\t\t\t09\t\t\t\t<\/span>\n\t\t\t\t<span class=\"post-date-month\">\n\t\t\t\t\tEne\t\t\t\t<\/span>\n\t\t\t<\/div>\n\t\t\t\t<\/header>\n\n\t\t<div class=\"article-body-container\">\n\t\t\t\n\t\t\t\t\t\t\t<h3 class=\"wd-entities-title title post-title\">\n\t\t\t\t\t<a href=\"https:\/\/kearacandles.com\/es\/why-rapeseed-wax-is-the-sustainable-choice\/\" rel=\"bookmark\">Por qu\u00e9 la cera de colza org\u00e1nica es la opci\u00f3n sostenible<\/a>\n\t\t\t\t<\/h3>\n\t\t\t\n\t\t\t\n\t\t\t\t\t\t\t\t\t\t\t\t<div class=\"entry-content wd-post-desc\">\n\t\t\t\t\t\tEn keara Candles damos gran importancia a la sostenibilidad y la calidad. Por eso utilizamos exclusivamente cera de colza org\u00e1nica cultivada en Europa.\t\t\t\t\t<\/div>\n\t\t\t\t\n\t\t\t\t\t\t\t\t\t\t\t\t\t\t<p class=\"read-more-section\">\n\t\t\t\t\t\t<a class=\"btn-read-more more-link\" href=\"https:\/\/kearacandles.com\/es\/why-rapeseed-wax-is-the-sustainable-choice\/\">Continue reading<\/a>\t\t\t\t\t<\/p>\n\t\t\t\t\t\t\t\t\t\t\t\t\t<\/div>\n\t<\/div>\n<\/article>\n\n\t\t\t\t\n\t\t\t\t\t\t\t\t<\/div>\n\t\t\t\n\t\t\t\t\t\t\t\t\t\t<\/div>\n\t\t\t\t\t\t\t\t\t\t<\/div>\n\t\t\t\t<\/div>\n\t\t\t\t\t<\/div>\n\t\t<\/div>\n\t\t\t\t\t<\/div>\n\t\t<\/section>\n\t\t\t\t<\/div>","protected":false},"excerpt":{"rendered":"<p>Welcome to Our Blog \u2013 Discover Everything About Sustainable Candles! Here, we share everything you need to know about handcrafted,<\/p>","protected":false},"author":1,"featured_media":0,"parent":0,"menu_order":0,"comment_status":"closed","ping_status":"closed","template":"","meta":{"footnotes":""},"class_list":["post-24","page","type-page","status-publish","hentry"],"_links":{"self":[{"href":"https:\/\/kearacandles.com\/es\/wp-json\/wp\/v2\/pages\/24","targetHints":{"allow":["GET"]}}],"collection":[{"href":"https:\/\/kearacandles.com\/es\/wp-json\/wp\/v2\/pages"}],"about":[{"href":"https:\/\/kearacandles.com\/es\/wp-json\/wp\/v2\/types\/page"}],"author":[{"embeddable":true,"href":"https:\/\/kearacandles.com\/es\/wp-json\/wp\/v2\/users\/1"}],"replies":[{"embeddable":true,"href":"https:\/\/kearacandles.com\/es\/wp-json\/wp\/v2\/comments?post=24"}],"version-history":[{"count":28,"href":"https:\/\/kearacandles.com\/es\/wp-json\/wp\/v2\/pages\/24\/revisions"}],"predecessor-version":[{"id":587,"href":"https:\/\/kearacandles.com\/es\/wp-json\/wp\/v2\/pages\/24\/revisions\/587"}],"wp:attachment":[{"href":"https:\/\/kearacandles.com\/es\/wp-json\/wp\/v2\/media?parent=24"}],"curies":[{"name":"wp","href":"https:\/\/api.w.org\/{rel}","templated":true}]}}