{"id":31,"date":"2024-12-01T20:05:13","date_gmt":"2024-12-01T20:05:13","guid":{"rendered":"https:\/\/kearacandles.com\/?page_id=31"},"modified":"2024-12-09T05:51:47","modified_gmt":"2024-12-09T05:51:47","slug":"legal-notice","status":"publish","type":"page","link":"https:\/\/kearacandles.com\/es\/legal-notice\/","title":{"rendered":"Aviso legal"},"content":{"rendered":"<div data-elementor-type=\"wp-page\" data-elementor-id=\"31\" class=\"elementor elementor-31\" data-elementor-post-type=\"page\">\n\t\t\t\t\t\t<section class=\"wd-negative-gap elementor-section elementor-top-section elementor-element elementor-element-7e72337 elementor-section-full_width elementor-section-stretched elementor-section-height-default elementor-section-height-default\" data-id=\"7e72337\" data-element_type=\"section\" data-settings=\"{&quot;stretch_section&quot;:&quot;section-stretched&quot;}\">\n\t\t\t\t\t\t<div class=\"elementor-container elementor-column-gap-default\">\n\t\t\t\t\t<div class=\"elementor-column elementor-col-100 elementor-top-column elementor-element elementor-element-43bcf19\" data-id=\"43bcf19\" data-element_type=\"column\">\n\t\t\t<div class=\"elementor-widget-wrap elementor-element-populated\">\n\t\t\t\t\t\t<div class=\"elementor-element elementor-element-7a03a28 elementor-widget elementor-widget-heading\" data-id=\"7a03a28\" data-element_type=\"widget\" data-widget_type=\"heading.default\">\n\t\t\t\t<div class=\"elementor-widget-container\">\n\t\t\t\t\t<h2 class=\"elementor-heading-title elementor-size-default\">Impressum<\/h2>\t\t\t\t<\/div>\n\t\t\t\t<\/div>\n\t\t\t\t<div class=\"elementor-element elementor-element-503aacd color-scheme-inherit text-left elementor-widget elementor-widget-text-editor\" data-id=\"503aacd\" data-element_type=\"widget\" data-widget_type=\"text-editor.default\">\n\t\t\t\t<div class=\"elementor-widget-container\">\n\t\t\t\t\t\t\t\t\t<p><strong>Propietaria:<\/strong> Michaela Mulfinger<br \/><strong>Direcci\u00f3n Postal:<\/strong><br \/>Calle de la Tramuntana 26<br \/>08950 Esplugues de Llobregat<br \/>Espa\u00f1a<br \/><strong>Correo electr\u00f3nico:<\/strong> <a rel=\"noopener\">info@kearacandles.com<\/a><\/p><p>La Comisi\u00f3n Europea pone a disposici\u00f3n una plataforma para la resoluci\u00f3n de disputas en l\u00ednea (ODR), que puede encontrar aqu\u00ed: <a href=\"https:\/\/ec.europa.eu\/consumers\/odr\/\" target=\"_new\" rel=\"noopener\">https:\/\/ec.europa.eu\/consumers\/odr\/<\/a>.<br \/>No estamos obligados ni dispuestos a participar en un procedimiento de resoluci\u00f3n de disputas ante una junta de arbitraje para consumidores.<\/p>\t\t\t\t\t\t\t\t<\/div>\n\t\t\t\t<\/div>\n\t\t\t\t\t<\/div>\n\t\t<\/div>\n\t\t\t\t\t<\/div>\n\t\t<\/section>\n\t\t\t\t<\/div>","protected":false},"excerpt":{"rendered":"<p>legal notice Owner: Michaela MulfingerMailing Address:Carrer de la Tramuntana 2608950 Esplugues de LlobregatSpainEmail: info@kearacandles.com The European Commission provides an online<\/p>","protected":false},"author":1,"featured_media":0,"parent":0,"menu_order":0,"comment_status":"closed","ping_status":"closed","template":"","meta":{"footnotes":""},"class_list":["post-31","page","type-page","status-publish","hentry"],"_links":{"self":[{"href":"https:\/\/kearacandles.com\/es\/wp-json\/wp\/v2\/pages\/31","targetHints":{"allow":["GET"]}}],"collection":[{"href":"https:\/\/kearacandles.com\/es\/wp-json\/wp\/v2\/pages"}],"about":[{"href":"https:\/\/kearacandles.com\/es\/wp-json\/wp\/v2\/types\/page"}],"author":[{"embeddable":true,"href":"https:\/\/kearacandles.com\/es\/wp-json\/wp\/v2\/users\/1"}],"replies":[{"embeddable":true,"href":"https:\/\/kearacandles.com\/es\/wp-json\/wp\/v2\/comments?post=31"}],"version-history":[{"count":4,"href":"https:\/\/kearacandles.com\/es\/wp-json\/wp\/v2\/pages\/31\/revisions"}],"predecessor-version":[{"id":134,"href":"https:\/\/kearacandles.com\/es\/wp-json\/wp\/v2\/pages\/31\/revisions\/134"}],"wp:attachment":[{"href":"https:\/\/kearacandles.com\/es\/wp-json\/wp\/v2\/media?parent=31"}],"curies":[{"name":"wp","href":"https:\/\/api.w.org\/{rel}","templated":true}]}}