{"id":221,"date":"2024-12-03T11:17:13","date_gmt":"2024-12-03T11:17:13","guid":{"rendered":"https:\/\/kearacandles.com\/?post_type=product&#038;p=221"},"modified":"2024-12-09T11:50:20","modified_gmt":"2024-12-09T11:50:20","slug":"scented-candle-fruit-cocktail","status":"publish","type":"product","link":"https:\/\/kearacandles.com\/es\/producto\/scented-candle-fruit-cocktail\/","title":{"rendered":"Vela arom\u00e1tica \"C\u00f3ctel de Frutas\""},"content":{"rendered":"","protected":false},"excerpt":{"rendered":"<p class=\" translation-block\">Rellena tu tarro de vela de forma f\u00e1cil y c\u00f3moda una y otra vez con una de nuestras velas arom\u00e1ticas.\nNuestra fragancia m\u00e1s intensa que realmente deja huella: una mezcla afrutada y jugosa de pomelo rosa, naranja, lima, p\u00e9talos de gardenia y bayas silvestres, con un sutil toque de sal marina hawaiana.\nIdeal para noches de verano o para aportar un aroma fresco a espacios como la cocina o el ba\u00f1o.<\/p>","protected":false},"featured_media":222,"comment_status":"open","ping_status":"closed","template":"","meta":[],"product_brand":[],"product_cat":[26],"product_tag":[],"class_list":{"0":"post-221","1":"product","2":"type-product","3":"status-publish","4":"has-post-thumbnail","6":"product_cat-refillers","8":"first","9":"instock","10":"shipping-taxable","11":"purchasable","12":"product-type-simple"},"bundled_by":["227"],"bundle_stock_status":"instock","bundle_stock_quantity":null,"bundle_virtual":false,"bundle_layout":"","bundle_add_to_cart_form_location":"","bundle_editable_in_cart":false,"bundle_sold_individually_context":"","bundle_item_grouping":"","bundle_min_size":"","bundle_max_size":"","bundled_items":[],"bundle_sell_ids":[],"_links":{"self":[{"href":"https:\/\/kearacandles.com\/es\/wp-json\/wp\/v2\/product\/221","targetHints":{"allow":["GET"]}}],"collection":[{"href":"https:\/\/kearacandles.com\/es\/wp-json\/wp\/v2\/product"}],"about":[{"href":"https:\/\/kearacandles.com\/es\/wp-json\/wp\/v2\/types\/product"}],"replies":[{"embeddable":true,"href":"https:\/\/kearacandles.com\/es\/wp-json\/wp\/v2\/comments?post=221"}],"wp:featuredmedia":[{"embeddable":true,"href":"https:\/\/kearacandles.com\/es\/wp-json\/wp\/v2\/media\/222"}],"wp:attachment":[{"href":"https:\/\/kearacandles.com\/es\/wp-json\/wp\/v2\/media?parent=221"}],"wp:term":[{"taxonomy":"product_brand","embeddable":true,"href":"https:\/\/kearacandles.com\/es\/wp-json\/wp\/v2\/product_brand?post=221"},{"taxonomy":"product_cat","embeddable":true,"href":"https:\/\/kearacandles.com\/es\/wp-json\/wp\/v2\/product_cat?post=221"},{"taxonomy":"product_tag","embeddable":true,"href":"https:\/\/kearacandles.com\/es\/wp-json\/wp\/v2\/product_tag?post=221"}],"curies":[{"name":"wp","href":"https:\/\/api.w.org\/{rel}","templated":true}]}}