{"id":240,"date":"2024-12-03T11:28:24","date_gmt":"2024-12-03T11:28:24","guid":{"rendered":"https:\/\/kearacandles.com\/?post_type=product&#038;p=240"},"modified":"2025-10-11T09:44:55","modified_gmt":"2025-10-11T09:44:55","slug":"lavaceramic-pot","status":"publish","type":"product","link":"https:\/\/kearacandles.com\/es\/producto\/lavaceramic-pot\/","title":{"rendered":"Frasco de cer\u00e1mica LAVA"},"content":{"rendered":"","protected":false},"excerpt":{"rendered":"<p>Tarro de cer\u00e1mica artesanal para nuestras velas arom\u00e1ticas<\/p>\n<ul>\n<li>C\u00f3mpralo una vez, reutil\u00edzalo una y otra vez.<\/li>\n<li>Incluye una vela arom\u00e1tica a tu elecci\u00f3n<\/li>\n<li>Altura aprox. 8 cm, di\u00e1metro aprox. 8 cm.<\/li>\n<li>Pieza \u00fanica hecha a mano. Las dimensiones y colores pueden variar ligeramente.<\/li>\n<li>Peque\u00f1as imperfecciones le dan personalidad y no son motivo de devoluci\u00f3n.<\/li>\n<\/ul>","protected":false},"featured_media":258,"comment_status":"open","ping_status":"closed","template":"","meta":[],"product_brand":[],"product_cat":[25],"product_tag":[],"class_list":{"0":"post-240","1":"product","2":"type-product","3":"status-publish","4":"has-post-thumbnail","6":"product_cat-candles","8":"first","9":"instock","10":"shipping-taxable","11":"purchasable","12":"product-type-simple"},"bundled_by":[],"bundle_stock_status":"instock","bundle_stock_quantity":null,"bundle_virtual":false,"bundle_layout":"","bundle_add_to_cart_form_location":"","bundle_editable_in_cart":false,"bundle_sold_individually_context":"","bundle_item_grouping":"","bundle_min_size":"","bundle_max_size":"","bundled_items":[],"bundle_sell_ids":[],"_links":{"self":[{"href":"https:\/\/kearacandles.com\/es\/wp-json\/wp\/v2\/product\/240","targetHints":{"allow":["GET"]}}],"collection":[{"href":"https:\/\/kearacandles.com\/es\/wp-json\/wp\/v2\/product"}],"about":[{"href":"https:\/\/kearacandles.com\/es\/wp-json\/wp\/v2\/types\/product"}],"replies":[{"embeddable":true,"href":"https:\/\/kearacandles.com\/es\/wp-json\/wp\/v2\/comments?post=240"}],"wp:featuredmedia":[{"embeddable":true,"href":"https:\/\/kearacandles.com\/es\/wp-json\/wp\/v2\/media\/258"}],"wp:attachment":[{"href":"https:\/\/kearacandles.com\/es\/wp-json\/wp\/v2\/media?parent=240"}],"wp:term":[{"taxonomy":"product_brand","embeddable":true,"href":"https:\/\/kearacandles.com\/es\/wp-json\/wp\/v2\/product_brand?post=240"},{"taxonomy":"product_cat","embeddable":true,"href":"https:\/\/kearacandles.com\/es\/wp-json\/wp\/v2\/product_cat?post=240"},{"taxonomy":"product_tag","embeddable":true,"href":"https:\/\/kearacandles.com\/es\/wp-json\/wp\/v2\/product_tag?post=240"}],"curies":[{"name":"wp","href":"https:\/\/api.w.org\/{rel}","templated":true}]}}